{"id":409,"date":"2023-03-07T14:28:28","date_gmt":"2023-03-07T14:28:28","guid":{"rendered":"http:\/\/blastserv.ee\/?page_id=409"},"modified":"2023-03-31T10:39:38","modified_gmt":"2023-03-31T08:39:38","slug":"gallery","status":"publish","type":"page","link":"https:\/\/blastserv.ee\/en\/gallery\/","title":{"rendered":"Gallery"},"content":{"rendered":"<div data-elementor-type=\"wp-page\" data-elementor-id=\"409\" class=\"elementor elementor-409\">\n\t\t\t\t\t\t\t\t\t<section class=\"elementor-section elementor-top-section elementor-element elementor-element-8d77913 elementor-section-boxed elementor-section-height-default elementor-section-height-default\" data-id=\"8d77913\" data-element_type=\"section\" data-settings=\"{&quot;background_background&quot;:&quot;classic&quot;,&quot;shape_divider_bottom&quot;:&quot;triangle-asymmetrical&quot;,&quot;shape_divider_bottom_negative&quot;:&quot;yes&quot;}\">\n\t\t\t\t\t\t\t<div class=\"elementor-background-overlay\"><\/div>\n\t\t\t\t\t\t<div class=\"elementor-shape elementor-shape-bottom\" data-negative=\"true\">\n\t\t\t<svg xmlns=\"http:\/\/www.w3.org\/2000\/svg\" viewbox=\"0 0 1000 100\" preserveaspectratio=\"none\">\n\t<path class=\"elementor-shape-fill\" d=\"M737.9,94.7L0,0v100h1000V0L737.9,94.7z\"\/>\n<\/svg>\t\t<\/div>\n\t\t\t\t\t<div class=\"elementor-container elementor-column-gap-default\">\n\t\t\t\t\t<div class=\"elementor-column elementor-col-100 elementor-top-column elementor-element elementor-element-657857a\" data-id=\"657857a\" data-element_type=\"column\">\n\t\t\t<div class=\"elementor-widget-wrap elementor-element-populated\">\n\t\t\t\t\t\t\t\t<div class=\"elementor-element elementor-element-546fe7e9 elementor-widget__width-auto elementor-widget elementor-widget-heading\" data-id=\"546fe7e9\" data-element_type=\"widget\" data-widget_type=\"heading.default\">\n\t\t\t\t<div class=\"elementor-widget-container\">\n\t\t\t<style>\/*! elementor - v3.11.5 - 14-03-2023 *\/\n.elementor-heading-title{padding:0;margin:0;line-height:1}.elementor-widget-heading .elementor-heading-title[class*=elementor-size-]>a{color:inherit;font-size:inherit;line-height:inherit}.elementor-widget-heading .elementor-heading-title.elementor-size-small{font-size:15px}.elementor-widget-heading .elementor-heading-title.elementor-size-medium{font-size:19px}.elementor-widget-heading .elementor-heading-title.elementor-size-large{font-size:29px}.elementor-widget-heading .elementor-heading-title.elementor-size-xl{font-size:39px}.elementor-widget-heading .elementor-heading-title.elementor-size-xxl{font-size:59px}<\/style><h1 class=\"elementor-heading-title elementor-size-default\">Gallery<\/h1>\t\t<\/div>\n\t\t\t\t<\/div>\n\t\t\t\t\t<\/div>\n\t\t<\/div>\n\t\t\t\t\t\t\t<\/div>\n\t\t<\/section>\n\t\t\t\t<section class=\"elementor-section elementor-top-section elementor-element elementor-element-3e63a3e6 elementor-section-boxed elementor-section-height-default elementor-section-height-default\" data-id=\"3e63a3e6\" data-element_type=\"section\" id=\"xs_client_18\" data-settings=\"{&quot;background_background&quot;:&quot;classic&quot;}\">\n\t\t\t\t\t\t<div class=\"elementor-container elementor-column-gap-default\">\n\t\t\t\t\t<div class=\"elementor-column elementor-col-100 elementor-top-column elementor-element elementor-element-5083e660\" data-id=\"5083e660\" data-element_type=\"column\">\n\t\t\t<div class=\"elementor-widget-wrap elementor-element-populated\">\n\t\t\t\t\t\t\t\t<div class=\"elementor-element elementor-element-0dc79f1 gallery-spacing-custom elementor-widget elementor-widget-image-gallery\" data-id=\"0dc79f1\" data-element_type=\"widget\" data-widget_type=\"image-gallery.default\">\n\t\t\t\t<div class=\"elementor-widget-container\">\n\t\t\t<style>\/*! elementor - v3.11.5 - 14-03-2023 *\/\n.elementor-image-gallery .gallery-item{display:inline-block;text-align:center;vertical-align:top;width:100%;max-width:100%;margin:0 auto}.elementor-image-gallery .gallery-item img{margin:0 auto}.elementor-image-gallery .gallery-item .gallery-caption{margin:0}.elementor-image-gallery figure img{display:block}.elementor-image-gallery figure figcaption{width:100%}.gallery-spacing-custom .elementor-image-gallery .gallery-icon{padding:0}@media (min-width:768px){.elementor-image-gallery .gallery-columns-2 .gallery-item{max-width:50%}.elementor-image-gallery .gallery-columns-3 .gallery-item{max-width:33.33%}.elementor-image-gallery .gallery-columns-4 .gallery-item{max-width:25%}.elementor-image-gallery .gallery-columns-5 .gallery-item{max-width:20%}.elementor-image-gallery .gallery-columns-6 .gallery-item{max-width:16.666%}.elementor-image-gallery .gallery-columns-7 .gallery-item{max-width:14.28%}.elementor-image-gallery .gallery-columns-8 .gallery-item{max-width:12.5%}.elementor-image-gallery .gallery-columns-9 .gallery-item{max-width:11.11%}.elementor-image-gallery .gallery-columns-10 .gallery-item{max-width:10%}}@media (min-width:480px) and (max-width:767px){.elementor-image-gallery .gallery.gallery-columns-2 .gallery-item,.elementor-image-gallery .gallery.gallery-columns-3 .gallery-item,.elementor-image-gallery .gallery.gallery-columns-4 .gallery-item,.elementor-image-gallery .gallery.gallery-columns-5 .gallery-item,.elementor-image-gallery .gallery.gallery-columns-6 .gallery-item,.elementor-image-gallery .gallery.gallery-columns-7 .gallery-item,.elementor-image-gallery .gallery.gallery-columns-8 .gallery-item,.elementor-image-gallery .gallery.gallery-columns-9 .gallery-item,.elementor-image-gallery .gallery.gallery-columns-10 .gallery-item{max-width:50%}}@media (max-width:479px){.elementor-image-gallery .gallery.gallery-columns-2 .gallery-item,.elementor-image-gallery .gallery.gallery-columns-3 .gallery-item,.elementor-image-gallery .gallery.gallery-columns-4 .gallery-item,.elementor-image-gallery .gallery.gallery-columns-5 .gallery-item,.elementor-image-gallery .gallery.gallery-columns-6 .gallery-item,.elementor-image-gallery .gallery.gallery-columns-7 .gallery-item,.elementor-image-gallery .gallery.gallery-columns-8 .gallery-item,.elementor-image-gallery .gallery.gallery-columns-9 .gallery-item,.elementor-image-gallery .gallery.gallery-columns-10 .gallery-item{max-width:100%}}<\/style>\t\t<div class=\"elementor-image-gallery\">\n\t\t\t<div id='gallery-1' class='gallery galleryid-409 gallery-columns-6 gallery-size-thumbnail'><figure class='gallery-item'>\n\t\t\t<div class='gallery-icon landscape'>\n\t\t\t\t<a data-elementor-open-lightbox=\"yes\" data-elementor-lightbox-slideshow=\"0dc79f1\" data-elementor-lightbox-title=\"image-07-03-23-08-29-9\" data-e-action-hash=\"#elementor-action%3Aaction%3Dlightbox%26settings%3DeyJpZCI6MzcxLCJ1cmwiOiJodHRwczpcL1wvYmxhc3RzZXJ2LmVlXC93cC1jb250ZW50XC91cGxvYWRzXC8yMDIzXC8wM1wvaW1hZ2UtMDctMDMtMjMtMDgtMjktOS5qcGVnIiwic2xpZGVzaG93IjoiMGRjNzlmMSJ9\" href='https:\/\/blastserv.ee\/wp-content\/uploads\/2023\/03\/image-07-03-23-08-29-9.jpeg'><img decoding=\"async\" width=\"150\" height=\"150\" src=\"https:\/\/blastserv.ee\/wp-content\/uploads\/2023\/03\/image-07-03-23-08-29-9-150x150.jpeg\" class=\"attachment-thumbnail size-thumbnail\" alt=\"\" \/><\/a>\n\t\t\t<\/div><\/figure><figure class='gallery-item'>\n\t\t\t<div class='gallery-icon landscape'>\n\t\t\t\t<a data-elementor-open-lightbox=\"yes\" data-elementor-lightbox-slideshow=\"0dc79f1\" data-elementor-lightbox-title=\"\u0411\u0435\u0437 \u0438\u043c\u0435\u043d\u0438d\" data-e-action-hash=\"#elementor-action%3Aaction%3Dlightbox%26settings%3DeyJpZCI6MzcwLCJ1cmwiOiJodHRwczpcL1wvYmxhc3RzZXJ2LmVlXC93cC1jb250ZW50XC91cGxvYWRzXC8yMDIzXC8wM1wvXHUwNDExXHUwNDM1XHUwNDM3LVx1MDQzOFx1MDQzY1x1MDQzNVx1MDQzZFx1MDQzOGQuanBnIiwic2xpZGVzaG93IjoiMGRjNzlmMSJ9\" href='https:\/\/blastserv.ee\/wp-content\/uploads\/2023\/03\/\u0411\u0435\u0437-\u0438\u043c\u0435\u043d\u0438d.jpg'><img decoding=\"async\" width=\"150\" height=\"150\" src=\"https:\/\/blastserv.ee\/wp-content\/uploads\/2023\/03\/\u0411\u0435\u0437-\u0438\u043c\u0435\u043d\u0438d-150x150.jpg\" class=\"attachment-thumbnail size-thumbnail\" alt=\"\" \/><\/a>\n\t\t\t<\/div><\/figure><figure class='gallery-item'>\n\t\t\t<div class='gallery-icon landscape'>\n\t\t\t\t<a data-elementor-open-lightbox=\"yes\" data-elementor-lightbox-slideshow=\"0dc79f1\" data-elementor-lightbox-title=\"\u0411\u0435\u0437 \u0438\u043c\u0435\u043d\u0438a\" data-e-action-hash=\"#elementor-action%3Aaction%3Dlightbox%26settings%3DeyJpZCI6MzY4LCJ1cmwiOiJodHRwczpcL1wvYmxhc3RzZXJ2LmVlXC93cC1jb250ZW50XC91cGxvYWRzXC8yMDIzXC8wM1wvXHUwNDExXHUwNDM1XHUwNDM3LVx1MDQzOFx1MDQzY1x1MDQzNVx1MDQzZFx1MDQzOGEuanBnIiwic2xpZGVzaG93IjoiMGRjNzlmMSJ9\" href='https:\/\/blastserv.ee\/wp-content\/uploads\/2023\/03\/\u0411\u0435\u0437-\u0438\u043c\u0435\u043d\u0438a.jpg'><img decoding=\"async\" width=\"150\" height=\"150\" src=\"https:\/\/blastserv.ee\/wp-content\/uploads\/2023\/03\/\u0411\u0435\u0437-\u0438\u043c\u0435\u043d\u0438a-150x150.jpg\" class=\"attachment-thumbnail size-thumbnail\" alt=\"\" \/><\/a>\n\t\t\t<\/div><\/figure><figure class='gallery-item'>\n\t\t\t<div class='gallery-icon landscape'>\n\t\t\t\t<a data-elementor-open-lightbox=\"yes\" data-elementor-lightbox-slideshow=\"0dc79f1\" data-elementor-lightbox-title=\"20230222_093334\" data-e-action-hash=\"#elementor-action%3Aaction%3Dlightbox%26settings%3DeyJpZCI6MzY3LCJ1cmwiOiJodHRwczpcL1wvYmxhc3RzZXJ2LmVlXC93cC1jb250ZW50XC91cGxvYWRzXC8yMDIzXC8wM1wvMjAyMzAyMjJfMDkzMzM0LmpwZyIsInNsaWRlc2hvdyI6IjBkYzc5ZjEifQ%3D%3D\" href='https:\/\/blastserv.ee\/wp-content\/uploads\/2023\/03\/20230222_093334.jpg'><img decoding=\"async\" width=\"150\" height=\"150\" src=\"https:\/\/blastserv.ee\/wp-content\/uploads\/2023\/03\/20230222_093334-150x150.jpg\" class=\"attachment-thumbnail size-thumbnail\" alt=\"\" \/><\/a>\n\t\t\t<\/div><\/figure><figure class='gallery-item'>\n\t\t\t<div class='gallery-icon landscape'>\n\t\t\t\t<a data-elementor-open-lightbox=\"yes\" data-elementor-lightbox-slideshow=\"0dc79f1\" data-elementor-lightbox-title=\"20160504_090607\" data-e-action-hash=\"#elementor-action%3Aaction%3Dlightbox%26settings%3DeyJpZCI6MzY2LCJ1cmwiOiJodHRwczpcL1wvYmxhc3RzZXJ2LmVlXC93cC1jb250ZW50XC91cGxvYWRzXC8yMDIzXC8wM1wvMjAxNjA1MDRfMDkwNjA3LmpwZyIsInNsaWRlc2hvdyI6IjBkYzc5ZjEifQ%3D%3D\" href='https:\/\/blastserv.ee\/wp-content\/uploads\/2023\/03\/20160504_090607.jpg'><img decoding=\"async\" width=\"150\" height=\"150\" src=\"https:\/\/blastserv.ee\/wp-content\/uploads\/2023\/03\/20160504_090607-150x150.jpg\" class=\"attachment-thumbnail size-thumbnail\" alt=\"\" \/><\/a>\n\t\t\t<\/div><\/figure><figure class='gallery-item'>\n\t\t\t<div class='gallery-icon landscape'>\n\t\t\t\t<a data-elementor-open-lightbox=\"yes\" data-elementor-lightbox-slideshow=\"0dc79f1\" data-elementor-lightbox-title=\"image-07-03-23-08-29-2\" data-e-action-hash=\"#elementor-action%3Aaction%3Dlightbox%26settings%3DeyJpZCI6MzY1LCJ1cmwiOiJodHRwczpcL1wvYmxhc3RzZXJ2LmVlXC93cC1jb250ZW50XC91cGxvYWRzXC8yMDIzXC8wM1wvaW1hZ2UtMDctMDMtMjMtMDgtMjktMi5qcGVnIiwic2xpZGVzaG93IjoiMGRjNzlmMSJ9\" href='https:\/\/blastserv.ee\/wp-content\/uploads\/2023\/03\/image-07-03-23-08-29-2.jpeg'><img decoding=\"async\" width=\"150\" height=\"150\" src=\"https:\/\/blastserv.ee\/wp-content\/uploads\/2023\/03\/image-07-03-23-08-29-2-150x150.jpeg\" class=\"attachment-thumbnail size-thumbnail\" alt=\"\" \/><\/a>\n\t\t\t<\/div><\/figure><figure class='gallery-item'>\n\t\t\t<div class='gallery-icon portrait'>\n\t\t\t\t<a data-elementor-open-lightbox=\"yes\" data-elementor-lightbox-slideshow=\"0dc79f1\" data-elementor-lightbox-title=\"image-07-03-23-08-29-8\" data-e-action-hash=\"#elementor-action%3Aaction%3Dlightbox%26settings%3DeyJpZCI6MzY0LCJ1cmwiOiJodHRwczpcL1wvYmxhc3RzZXJ2LmVlXC93cC1jb250ZW50XC91cGxvYWRzXC8yMDIzXC8wM1wvaW1hZ2UtMDctMDMtMjMtMDgtMjktOC5qcGVnIiwic2xpZGVzaG93IjoiMGRjNzlmMSJ9\" href='https:\/\/blastserv.ee\/wp-content\/uploads\/2023\/03\/image-07-03-23-08-29-8.jpeg'><img decoding=\"async\" width=\"150\" height=\"150\" src=\"https:\/\/blastserv.ee\/wp-content\/uploads\/2023\/03\/image-07-03-23-08-29-8-150x150.jpeg\" class=\"attachment-thumbnail size-thumbnail\" alt=\"\" \/><\/a>\n\t\t\t<\/div><\/figure><figure class='gallery-item'>\n\t\t\t<div class='gallery-icon landscape'>\n\t\t\t\t<a data-elementor-open-lightbox=\"yes\" data-elementor-lightbox-slideshow=\"0dc79f1\" data-elementor-lightbox-title=\"Screenshot 2023-03-24 at 14.29.25\" data-e-action-hash=\"#elementor-action%3Aaction%3Dlightbox%26settings%3DeyJpZCI6NDkxLCJ1cmwiOiJodHRwczpcL1wvYmxhc3RzZXJ2LmVlXC93cC1jb250ZW50XC91cGxvYWRzXC8yMDIzXC8wM1wvU2NyZWVuc2hvdC0yMDIzLTAzLTI0LWF0LTE0LjI5LjI1LmpwZyIsInNsaWRlc2hvdyI6IjBkYzc5ZjEifQ%3D%3D\" href='https:\/\/blastserv.ee\/wp-content\/uploads\/2023\/03\/Screenshot-2023-03-24-at-14.29.25.jpg'><img decoding=\"async\" width=\"150\" height=\"150\" src=\"https:\/\/blastserv.ee\/wp-content\/uploads\/2023\/03\/Screenshot-2023-03-24-at-14.29.25-150x150.jpg\" class=\"attachment-thumbnail size-thumbnail\" alt=\"\" \/><\/a>\n\t\t\t<\/div><\/figure>\n\t\t<\/div>\n\t\t<\/div>\n\t\t\t\t<\/div>\n\t\t\t\t<\/div>\n\t\t\t\t\t<\/div>\n\t\t<\/div>\n\t\t\t\t\t\t\t<\/div>\n\t\t<\/section>\n\t\t\t\t\t\t\t<\/div>","protected":false},"excerpt":{"rendered":"<p>Gallery<\/p>","protected":false},"author":3,"featured_media":0,"parent":0,"menu_order":0,"comment_status":"closed","ping_status":"closed","template":"","meta":{"footnotes":""},"class_list":["post-409","page","type-page","status-publish","hentry"],"yoast_head":"<!-- This site is optimized with the Yoast SEO plugin v20.3 - https:\/\/yoast.com\/wordpress\/plugins\/seo\/ -->\n<title>blastserv.ee -Gallery - Blastserv<\/title>\n<meta name=\"description\" content=\"Blastserv O\u00dc pakub korrosioonikaitseteenuseid, on laevaremont. Korrosioonikaitsega seotud laevaremondit\u00f6\u00f6deks on O\u00dc Blastserv\" \/>\n<meta name=\"robots\" content=\"index, follow, max-snippet:-1, max-image-preview:large, max-video-preview:-1\" \/>\n<link rel=\"canonical\" href=\"https:\/\/blastserv.ee\/en\/gallery\/\" \/>\n<meta property=\"og:locale\" content=\"en_GB\" \/>\n<meta property=\"og:type\" content=\"article\" \/>\n<meta property=\"og:title\" content=\"blastserv.ee -Gallery - Blastserv\" \/>\n<meta property=\"og:description\" content=\"Blastserv O\u00dc pakub korrosioonikaitseteenuseid, on laevaremont. Korrosioonikaitsega seotud laevaremondit\u00f6\u00f6deks on O\u00dc Blastserv\" \/>\n<meta property=\"og:url\" content=\"https:\/\/blastserv.ee\/en\/gallery\/\" \/>\n<meta property=\"og:site_name\" content=\"Blastserv\" \/>\n<meta property=\"article:modified_time\" content=\"2023-03-31T08:39:38+00:00\" \/>\n<meta property=\"og:image\" content=\"http:\/\/blastserv.ee\/wp-content\/uploads\/2023\/03\/image-07-03-23-08-29-9-150x150.jpeg\" \/>\n<meta name=\"twitter:card\" content=\"summary_large_image\" \/>\n<meta name=\"twitter:label1\" content=\"Estimated reading time\" \/>\n\t<meta name=\"twitter:data1\" content=\"2 minutes\" \/>\n<script type=\"application\/ld+json\" class=\"yoast-schema-graph\">{\"@context\":\"https:\/\/schema.org\",\"@graph\":[{\"@type\":\"WebPage\",\"@id\":\"https:\/\/blastserv.ee\/gallery\/\",\"url\":\"https:\/\/blastserv.ee\/gallery\/\",\"name\":\"blastserv.ee -Gallery - Blastserv\",\"isPartOf\":{\"@id\":\"https:\/\/blastserv.ee\/en\/#website\"},\"datePublished\":\"2023-03-07T14:28:28+00:00\",\"dateModified\":\"2023-03-31T08:39:38+00:00\",\"description\":\"Blastserv O\u00dc pakub korrosioonikaitseteenuseid, on laevaremont. Korrosioonikaitsega seotud laevaremondit\u00f6\u00f6deks on O\u00dc Blastserv\",\"breadcrumb\":{\"@id\":\"https:\/\/blastserv.ee\/gallery\/#breadcrumb\"},\"inLanguage\":\"en-GB\",\"potentialAction\":[{\"@type\":\"ReadAction\",\"target\":[\"https:\/\/blastserv.ee\/gallery\/\"]}]},{\"@type\":\"BreadcrumbList\",\"@id\":\"https:\/\/blastserv.ee\/gallery\/#breadcrumb\",\"itemListElement\":[{\"@type\":\"ListItem\",\"position\":1,\"name\":\"Home\",\"item\":\"https:\/\/blastserv.ee\/en\/\"},{\"@type\":\"ListItem\",\"position\":2,\"name\":\"Gallery\"}]},{\"@type\":\"WebSite\",\"@id\":\"https:\/\/blastserv.ee\/en\/#website\",\"url\":\"https:\/\/blastserv.ee\/en\/\",\"name\":\"Blastserv.ee\",\"description\":\"korrosioonivastane kaitse\",\"publisher\":{\"@id\":\"https:\/\/blastserv.ee\/en\/#organization\"},\"potentialAction\":[{\"@type\":\"SearchAction\",\"target\":{\"@type\":\"EntryPoint\",\"urlTemplate\":\"https:\/\/blastserv.ee\/en\/?s={search_term_string}\"},\"query-input\":\"required name=search_term_string\"}],\"inLanguage\":\"en-GB\"},{\"@type\":\"Organization\",\"@id\":\"https:\/\/blastserv.ee\/en\/#organization\",\"name\":\"Blastserv.ee\",\"url\":\"https:\/\/blastserv.ee\/en\/\",\"logo\":{\"@type\":\"ImageObject\",\"inLanguage\":\"en-GB\",\"@id\":\"https:\/\/blastserv.ee\/en\/#\/schema\/logo\/image\/\",\"url\":\"https:\/\/blastserv.ee\/wp-content\/uploads\/2023\/03\/cropped-logo2.png\",\"contentUrl\":\"https:\/\/blastserv.ee\/wp-content\/uploads\/2023\/03\/cropped-logo2.png\",\"width\":220,\"height\":104,\"caption\":\"Blastserv.ee\"},\"image\":{\"@id\":\"https:\/\/blastserv.ee\/en\/#\/schema\/logo\/image\/\"}}]}<\/script>\n<!-- \/ Yoast SEO plugin. -->","yoast_head_json":{"title":"blastserv.ee -Gallery - Blastserv","description":"Blastserv O\u00dc pakub korrosioonikaitseteenuseid, on laevaremont. Korrosioonikaitsega seotud laevaremondit\u00f6\u00f6deks on O\u00dc Blastserv","robots":{"index":"index","follow":"follow","max-snippet":"max-snippet:-1","max-image-preview":"max-image-preview:large","max-video-preview":"max-video-preview:-1"},"canonical":"https:\/\/blastserv.ee\/en\/gallery\/","og_locale":"en_GB","og_type":"article","og_title":"blastserv.ee -Gallery - Blastserv","og_description":"Blastserv O\u00dc pakub korrosioonikaitseteenuseid, on laevaremont. Korrosioonikaitsega seotud laevaremondit\u00f6\u00f6deks on O\u00dc Blastserv","og_url":"https:\/\/blastserv.ee\/en\/gallery\/","og_site_name":"Blastserv","article_modified_time":"2023-03-31T08:39:38+00:00","og_image":[{"url":"http:\/\/blastserv.ee\/wp-content\/uploads\/2023\/03\/image-07-03-23-08-29-9-150x150.jpeg"}],"twitter_card":"summary_large_image","twitter_misc":{"Estimated reading time":"2 minutes"},"schema":{"@context":"https:\/\/schema.org","@graph":[{"@type":"WebPage","@id":"https:\/\/blastserv.ee\/gallery\/","url":"https:\/\/blastserv.ee\/gallery\/","name":"blastserv.ee -Gallery - Blastserv","isPartOf":{"@id":"https:\/\/blastserv.ee\/en\/#website"},"datePublished":"2023-03-07T14:28:28+00:00","dateModified":"2023-03-31T08:39:38+00:00","description":"Blastserv O\u00dc pakub korrosioonikaitseteenuseid, on laevaremont. Korrosioonikaitsega seotud laevaremondit\u00f6\u00f6deks on O\u00dc Blastserv","breadcrumb":{"@id":"https:\/\/blastserv.ee\/gallery\/#breadcrumb"},"inLanguage":"en-GB","potentialAction":[{"@type":"ReadAction","target":["https:\/\/blastserv.ee\/gallery\/"]}]},{"@type":"BreadcrumbList","@id":"https:\/\/blastserv.ee\/gallery\/#breadcrumb","itemListElement":[{"@type":"ListItem","position":1,"name":"Home","item":"https:\/\/blastserv.ee\/en\/"},{"@type":"ListItem","position":2,"name":"Gallery"}]},{"@type":"WebSite","@id":"https:\/\/blastserv.ee\/en\/#website","url":"https:\/\/blastserv.ee\/en\/","name":"Blastserv.ee","description":"korrosioonivastane kaitse","publisher":{"@id":"https:\/\/blastserv.ee\/en\/#organization"},"potentialAction":[{"@type":"SearchAction","target":{"@type":"EntryPoint","urlTemplate":"https:\/\/blastserv.ee\/en\/?s={search_term_string}"},"query-input":"required name=search_term_string"}],"inLanguage":"en-GB"},{"@type":"Organization","@id":"https:\/\/blastserv.ee\/en\/#organization","name":"Blastserv.ee","url":"https:\/\/blastserv.ee\/en\/","logo":{"@type":"ImageObject","inLanguage":"en-GB","@id":"https:\/\/blastserv.ee\/en\/#\/schema\/logo\/image\/","url":"https:\/\/blastserv.ee\/wp-content\/uploads\/2023\/03\/cropped-logo2.png","contentUrl":"https:\/\/blastserv.ee\/wp-content\/uploads\/2023\/03\/cropped-logo2.png","width":220,"height":104,"caption":"Blastserv.ee"},"image":{"@id":"https:\/\/blastserv.ee\/en\/#\/schema\/logo\/image\/"}}]}},"_links":{"self":[{"href":"https:\/\/blastserv.ee\/en\/wp-json\/wp\/v2\/pages\/409","targetHints":{"allow":["GET"]}}],"collection":[{"href":"https:\/\/blastserv.ee\/en\/wp-json\/wp\/v2\/pages"}],"about":[{"href":"https:\/\/blastserv.ee\/en\/wp-json\/wp\/v2\/types\/page"}],"author":[{"embeddable":true,"href":"https:\/\/blastserv.ee\/en\/wp-json\/wp\/v2\/users\/3"}],"replies":[{"embeddable":true,"href":"https:\/\/blastserv.ee\/en\/wp-json\/wp\/v2\/comments?post=409"}],"version-history":[{"count":23,"href":"https:\/\/blastserv.ee\/en\/wp-json\/wp\/v2\/pages\/409\/revisions"}],"predecessor-version":[{"id":512,"href":"https:\/\/blastserv.ee\/en\/wp-json\/wp\/v2\/pages\/409\/revisions\/512"}],"wp:attachment":[{"href":"https:\/\/blastserv.ee\/en\/wp-json\/wp\/v2\/media?parent=409"}],"curies":[{"name":"wp","href":"https:\/\/api.w.org\/{rel}","templated":true}]}}