{"id":29,"date":"2023-03-01T16:54:38","date_gmt":"2023-03-01T16:54:38","guid":{"rendered":"http:\/\/blastserv.ee\/?page_id=29"},"modified":"2023-03-24T14:08:16","modified_gmt":"2023-03-24T12:08:16","slug":"firmast","status":"publish","type":"page","link":"https:\/\/blastserv.ee\/fi\/firmast\/","title":{"rendered":"Yrityksest\u00e4mme"},"content":{"rendered":"<div data-elementor-type=\"wp-page\" data-elementor-id=\"29\" class=\"elementor elementor-29\">\n\t\t\t\t\t\t\t\t\t<section class=\"elementor-section elementor-top-section elementor-element elementor-element-50d3db65 elementor-section-boxed elementor-section-height-default elementor-section-height-default\" data-id=\"50d3db65\" data-element_type=\"section\" data-settings=\"{&quot;background_background&quot;:&quot;classic&quot;,&quot;shape_divider_bottom&quot;:&quot;triangle-asymmetrical&quot;,&quot;shape_divider_bottom_negative&quot;:&quot;yes&quot;}\">\n\t\t\t\t\t\t\t<div class=\"elementor-background-overlay\"><\/div>\n\t\t\t\t\t\t<div class=\"elementor-shape elementor-shape-bottom\" data-negative=\"true\">\n\t\t\t<svg xmlns=\"http:\/\/www.w3.org\/2000\/svg\" viewbox=\"0 0 1000 100\" preserveaspectratio=\"none\">\n\t<path class=\"elementor-shape-fill\" d=\"M737.9,94.7L0,0v100h1000V0L737.9,94.7z\"\/>\n<\/svg>\t\t<\/div>\n\t\t\t\t\t<div class=\"elementor-container elementor-column-gap-default\">\n\t\t\t\t\t<div class=\"elementor-column elementor-col-100 elementor-top-column elementor-element elementor-element-704395e0\" data-id=\"704395e0\" data-element_type=\"column\">\n\t\t\t<div class=\"elementor-widget-wrap elementor-element-populated\">\n\t\t\t\t\t\t\t\t<div class=\"elementor-element elementor-element-7120082c elementor-widget__width-auto elementor-widget elementor-widget-heading\" data-id=\"7120082c\" data-element_type=\"widget\" data-widget_type=\"heading.default\">\n\t\t\t\t<div class=\"elementor-widget-container\">\n\t\t\t<style>\/*! elementor - v3.11.5 - 14-03-2023 *\/\n.elementor-heading-title{padding:0;margin:0;line-height:1}.elementor-widget-heading .elementor-heading-title[class*=elementor-size-]>a{color:inherit;font-size:inherit;line-height:inherit}.elementor-widget-heading .elementor-heading-title.elementor-size-small{font-size:15px}.elementor-widget-heading .elementor-heading-title.elementor-size-medium{font-size:19px}.elementor-widget-heading .elementor-heading-title.elementor-size-large{font-size:29px}.elementor-widget-heading .elementor-heading-title.elementor-size-xl{font-size:39px}.elementor-widget-heading .elementor-heading-title.elementor-size-xxl{font-size:59px}<\/style><h1 class=\"elementor-heading-title elementor-size-default\">Yrityksest\u00e4mme<\/h1>\t\t<\/div>\n\t\t\t\t<\/div>\n\t\t\t\t\t<\/div>\n\t\t<\/div>\n\t\t\t\t\t\t\t<\/div>\n\t\t<\/section>\n\t\t\t\t<section class=\"elementor-section elementor-top-section elementor-element elementor-element-716ef54b elementor-reverse-mobile elementor-section-boxed elementor-section-height-default elementor-section-height-default\" data-id=\"716ef54b\" data-element_type=\"section\">\n\t\t\t\t\t\t<div class=\"elementor-container elementor-column-gap-default\">\n\t\t\t\t\t<div class=\"elementor-column elementor-col-50 elementor-top-column elementor-element elementor-element-78d6907d\" data-id=\"78d6907d\" data-element_type=\"column\">\n\t\t\t<div class=\"elementor-widget-wrap elementor-element-populated\">\n\t\t\t\t\t\t\t\t<div class=\"elementor-element elementor-element-1eb07408 elementor-widget elementor-widget-heading\" data-id=\"1eb07408\" data-element_type=\"widget\" data-widget_type=\"heading.default\">\n\t\t\t\t<div class=\"elementor-widget-container\">\n\t\t\t<h2 class=\"elementor-heading-title elementor-size-default\">Blastserv O\u00dc<\/h2>\t\t<\/div>\n\t\t\t\t<\/div>\n\t\t\t\t<div class=\"elementor-element elementor-element-1269274c elementor-widget elementor-widget-text-editor\" data-id=\"1269274c\" data-element_type=\"widget\" data-widget_type=\"text-editor.default\">\n\t\t\t\t<div class=\"elementor-widget-container\">\n\t\t\t<style>\/*! elementor - v3.11.5 - 14-03-2023 *\/\n.elementor-widget-text-editor.elementor-drop-cap-view-stacked .elementor-drop-cap{background-color:#818a91;color:#fff}.elementor-widget-text-editor.elementor-drop-cap-view-framed .elementor-drop-cap{color:#818a91;border:3px solid;background-color:transparent}.elementor-widget-text-editor:not(.elementor-drop-cap-view-default) .elementor-drop-cap{margin-top:8px}.elementor-widget-text-editor:not(.elementor-drop-cap-view-default) .elementor-drop-cap-letter{width:1em;height:1em}.elementor-widget-text-editor .elementor-drop-cap{float:left;text-align:center;line-height:1;font-size:50px}.elementor-widget-text-editor .elementor-drop-cap-letter{display:inline-block}<\/style>\t\t\t\t<p>on vuonna 2005 useamman samalla toimialalla toimineen yrityksen pohjalta uudelleen perustettu yhti\u00f6. Aivan toimintansa alusta l\u00e4htien, Blastserv O\u00dc on tarjonnut korkealaatuisia metallirakenteiden korroosiosuojauspalveluja, ja yritys on toiminut Baltian Laivarakennustehtaan (Tallinna) vientiprojekteihin alihankkijana. T\u00e4ll\u00e4 hetkell\u00e4 yhti\u00f6n t\u00e4rkeimpi\u00e4 tilaajia on AS E-Profiil, joka on erikoistunut Norjaan toimitettaviin \u00f6ljy- ja kaasuteollisuuden metallirakenteiden valmistukseen. Blastserv O\u00dc tekee s\u00e4\u00e4nn\u00f6llist\u00e4 yhteisty\u00f6t\u00e4 BARD Engineeringin kanssa korroosiosuojauksessa (tuuligeneraattorit).<\/p>\t\t\t\t\t\t<\/div>\n\t\t\t\t<\/div>\n\t\t\t\t<div class=\"elementor-element elementor-element-80b16c3 elementor-widget elementor-widget-text-editor\" data-id=\"80b16c3\" data-element_type=\"widget\" data-widget_type=\"text-editor.default\">\n\t\t\t\t<div class=\"elementor-widget-container\">\n\t\t\t\t\t\t\t<p>Blastserv O\u00dc:lle erityisen t\u00e4rkeit\u00e4 ovat asiakkaille mittatilausty\u00f6n\u00e4 suoritettavat toimeksiannot. T\u00e4llaisia palveluja yritykselt\u00e4mme tilaavat esimerkiksi \u00f6ljy- ja polttoaineterminaalit (AS Pakterminal, AS Scantrans, AS Oil Tanking, AS Alexela, AS Tartu Terminal jne.). Yrityksemme k\u00e4yt\u00f6ss\u00e4 ovat kaikki korroosiosuojaust\u00f6iden asiakkaan kohteessa suorittamiseen tarvittavat siirrett\u00e4v\u00e4t laitteet. Laitteiden osalta teemme tiivist\u00e4 yhteisty\u00f6t\u00e4 sellaisten laitetoimittajien kanssa, kuten esimerkiksi Clemco, Graco ja Wiwa sek\u00e4 maalien toimittajien kanssa (Hempel, Jotun, International, Teknos ja Carboline).<\/p>\t\t\t\t\t\t<\/div>\n\t\t\t\t<\/div>\n\t\t\t\t\t<\/div>\n\t\t<\/div>\n\t\t\t\t<div class=\"elementor-column elementor-col-50 elementor-top-column elementor-element elementor-element-1104c181\" data-id=\"1104c181\" data-element_type=\"column\">\n\t\t\t<div class=\"elementor-widget-wrap elementor-element-populated\">\n\t\t\t\t\t\t\t\t<section class=\"elementor-section elementor-inner-section elementor-element elementor-element-4f152110 elementor-section-boxed elementor-section-height-default elementor-section-height-default\" data-id=\"4f152110\" data-element_type=\"section\">\n\t\t\t\t\t\t<div class=\"elementor-container elementor-column-gap-default\">\n\t\t\t\t\t<div class=\"elementor-column elementor-col-50 elementor-inner-column elementor-element elementor-element-18c15bda elementor-hidden-tablet elementor-hidden-mobile\" data-id=\"18c15bda\" data-element_type=\"column\">\n\t\t\t<div class=\"elementor-widget-wrap\">\n\t\t\t\t\t\t\t\t\t<\/div>\n\t\t<\/div>\n\t\t\t\t<div class=\"elementor-column elementor-col-50 elementor-inner-column elementor-element elementor-element-4962c3b2\" data-id=\"4962c3b2\" data-element_type=\"column\">\n\t\t\t<div class=\"elementor-widget-wrap elementor-element-populated\">\n\t\t\t\t\t\t\t\t<div class=\"elementor-element elementor-element-206c2cd4 elementor-widget elementor-widget-image\" data-id=\"206c2cd4\" data-element_type=\"widget\" data-widget_type=\"image.default\">\n\t\t\t\t<div class=\"elementor-widget-container\">\n\t\t\t<style>\/*! elementor - v3.11.5 - 14-03-2023 *\/\n.elementor-widget-image{text-align:center}.elementor-widget-image a{display:inline-block}.elementor-widget-image a img[src$=\".svg\"]{width:48px}.elementor-widget-image img{vertical-align:middle;display:inline-block}<\/style>\t\t\t\t\t\t\t\t\t\t\t\t<img decoding=\"async\" width=\"436\" height=\"437\" src=\"https:\/\/blastserv.ee\/wp-content\/uploads\/2023\/03\/Picture2-2.jpg\" class=\"attachment-large size-large wp-image-317\" alt=\"\" srcset=\"https:\/\/blastserv.ee\/wp-content\/uploads\/2023\/03\/Picture2-2.jpg 436w, https:\/\/blastserv.ee\/wp-content\/uploads\/2023\/03\/Picture2-2-300x300.jpg 300w, https:\/\/blastserv.ee\/wp-content\/uploads\/2023\/03\/Picture2-2-150x150.jpg 150w, https:\/\/blastserv.ee\/wp-content\/uploads\/2023\/03\/Picture2-2-12x12.jpg 12w\" sizes=\"(max-width: 436px) 100vw, 436px\" \/>\t\t\t\t\t\t\t\t\t\t\t\t\t\t\t<\/div>\n\t\t\t\t<\/div>\n\t\t\t\t\t<\/div>\n\t\t<\/div>\n\t\t\t\t\t\t\t<\/div>\n\t\t<\/section>\n\t\t\t\t<section class=\"elementor-section elementor-inner-section elementor-element elementor-element-21e3312a elementor-section-boxed elementor-section-height-default elementor-section-height-default\" data-id=\"21e3312a\" data-element_type=\"section\">\n\t\t\t\t\t\t<div class=\"elementor-container elementor-column-gap-default\">\n\t\t\t\t\t<div class=\"elementor-column elementor-col-50 elementor-inner-column elementor-element elementor-element-1b2ca28a\" data-id=\"1b2ca28a\" data-element_type=\"column\" data-settings=\"{&quot;background_background&quot;:&quot;classic&quot;}\">\n\t\t\t<div class=\"elementor-widget-wrap elementor-element-populated\">\n\t\t\t\t\t\t\t\t<div class=\"elementor-element elementor-element-528eb56f elementor-widget elementor-widget-heading\" data-id=\"528eb56f\" data-element_type=\"widget\" data-widget_type=\"heading.default\">\n\t\t\t\t<div class=\"elementor-widget-container\">\n\t\t\t<h2 class=\"elementor-heading-title elementor-size-default\">18<\/h2>\t\t<\/div>\n\t\t\t\t<\/div>\n\t\t\t\t<div class=\"elementor-element elementor-element-1d81389d elementor-widget elementor-widget-heading\" data-id=\"1d81389d\" data-element_type=\"widget\" data-widget_type=\"heading.default\">\n\t\t\t\t<div class=\"elementor-widget-container\">\n\t\t\t<h2 class=\"elementor-heading-title elementor-size-default\">Vuosien kokemus<\/h2>\t\t<\/div>\n\t\t\t\t<\/div>\n\t\t\t\t<div class=\"elementor-element elementor-element-64c059bc elementor-hidden-tablet elementor-hidden-mobile elementor-widget elementor-widget-text-editor\" data-id=\"64c059bc\" data-element_type=\"widget\" data-widget_type=\"text-editor.default\">\n\t\t\t\t<div class=\"elementor-widget-container\">\n\t\t\t\t\t\t\t<p>Blastserv O\u00dc tarjoaa nyky\u00e4\u00e4n korroosiosuojauspalveluja my\u00f6s telakoilla. Laivojen korjausten yhteydess\u00e4 suoritettavasta korroosiosuojauksesta vastaavat Blastserv O\u00dc:n kokeneet aliurakoitsijat.<\/p>\t\t\t\t\t\t<\/div>\n\t\t\t\t<\/div>\n\t\t\t\t\t<\/div>\n\t\t<\/div>\n\t\t\t\t<div class=\"elementor-column elementor-col-50 elementor-inner-column elementor-element elementor-element-4cbe1950 elementor-hidden-tablet elementor-hidden-mobile\" data-id=\"4cbe1950\" data-element_type=\"column\">\n\t\t\t<div class=\"elementor-widget-wrap\">\n\t\t\t\t\t\t\t\t\t<\/div>\n\t\t<\/div>\n\t\t\t\t\t\t\t<\/div>\n\t\t<\/section>\n\t\t\t\t\t<\/div>\n\t\t<\/div>\n\t\t\t\t\t\t\t<\/div>\n\t\t<\/section>\n\t\t\t\t\t\t\t<\/div>","protected":false},"excerpt":{"rendered":"<p>Firmast Blastserv O\u00dc on 2005. aastal sama tegevussf\u00e4\u00e4riga ettev\u00f5tte p\u00f5hjal taasloodud ettev\u00f5te. Oma tegevuse algusest saadik on Blastserv O\u00dc suutnud pakkuda kvaliteetset metallkonstruktsioonide korrosioonikaitse teenust, t\u00e4nu millele firma sai v\u00f5imaluse osaleda allt\u00f6\u00f6v\u00f5tjana kontserni Balti Laevaremonditehas (Tallinn) ekspordiprojektides. Praegu on \u00fcks meie p\u00f5hitellijaid Norra nafta- ja gaasit\u00f6\u00f6stusele metallkonstruktsioonide tootmisele spetsialiseerunud AS E-Profiil. P\u00fcsilepingute alusel teeb Blastserv [&hellip;]<\/p>","protected":false},"author":3,"featured_media":0,"parent":0,"menu_order":0,"comment_status":"closed","ping_status":"closed","template":"","meta":{"footnotes":""},"class_list":["post-29","page","type-page","status-publish","hentry"],"yoast_head":"<!-- This site is optimized with the Yoast SEO plugin v20.3 - https:\/\/yoast.com\/wordpress\/plugins\/seo\/ -->\n<title>blastserv.ee - Firmast - Blastserv<\/title>\n<meta name=\"description\" content=\"Oma tegevuse algusest saadik on Blastserv O\u00dc suutnud pakkuda kvaliteetset metallkonstruktsioonide korrosioonikaitse teenust, t\u00e4nu millele firma sai v\u00f5imaluse osaleda allt\u00f6\u00f6v\u00f5tjana kontserni Balti Laevaremonditehas (Tallinn) ekspordiprojektides.\" \/>\n<meta name=\"robots\" content=\"index, follow, max-snippet:-1, max-image-preview:large, max-video-preview:-1\" \/>\n<link rel=\"canonical\" href=\"https:\/\/blastserv.ee\/fi\/firmast\/\" \/>\n<meta property=\"og:locale\" content=\"fi_FI\" \/>\n<meta property=\"og:type\" content=\"article\" \/>\n<meta property=\"og:title\" content=\"blastserv.ee - Firmast - Blastserv\" \/>\n<meta property=\"og:description\" content=\"Oma tegevuse algusest saadik on Blastserv O\u00dc suutnud pakkuda kvaliteetset metallkonstruktsioonide korrosioonikaitse teenust, t\u00e4nu millele firma sai v\u00f5imaluse osaleda allt\u00f6\u00f6v\u00f5tjana kontserni Balti Laevaremonditehas (Tallinn) ekspordiprojektides.\" \/>\n<meta property=\"og:url\" content=\"https:\/\/blastserv.ee\/fi\/firmast\/\" \/>\n<meta property=\"og:site_name\" content=\"Blastserv\" \/>\n<meta property=\"article:modified_time\" content=\"2023-03-24T12:08:16+00:00\" \/>\n<meta property=\"og:image\" content=\"http:\/\/blastserv.ee\/wp-content\/uploads\/2023\/03\/Picture2-2.jpg\" \/>\n<meta name=\"twitter:card\" content=\"summary_large_image\" \/>\n<meta name=\"twitter:label1\" content=\"Arvioitu lukuaika\" \/>\n\t<meta name=\"twitter:data1\" content=\"2 minuuttia\" \/>\n<script type=\"application\/ld+json\" class=\"yoast-schema-graph\">{\"@context\":\"https:\/\/schema.org\",\"@graph\":[{\"@type\":\"WebPage\",\"@id\":\"https:\/\/blastserv.ee\/firmast\/\",\"url\":\"https:\/\/blastserv.ee\/firmast\/\",\"name\":\"blastserv.ee - Firmast - Blastserv\",\"isPartOf\":{\"@id\":\"https:\/\/blastserv.ee\/en\/#website\"},\"datePublished\":\"2023-03-01T16:54:38+00:00\",\"dateModified\":\"2023-03-24T12:08:16+00:00\",\"description\":\"Oma tegevuse algusest saadik on Blastserv O\u00dc suutnud pakkuda kvaliteetset metallkonstruktsioonide korrosioonikaitse teenust, t\u00e4nu millele firma sai v\u00f5imaluse osaleda allt\u00f6\u00f6v\u00f5tjana kontserni Balti Laevaremonditehas (Tallinn) ekspordiprojektides.\",\"breadcrumb\":{\"@id\":\"https:\/\/blastserv.ee\/firmast\/#breadcrumb\"},\"inLanguage\":\"fi\",\"potentialAction\":[{\"@type\":\"ReadAction\",\"target\":[\"https:\/\/blastserv.ee\/firmast\/\"]}]},{\"@type\":\"BreadcrumbList\",\"@id\":\"https:\/\/blastserv.ee\/firmast\/#breadcrumb\",\"itemListElement\":[{\"@type\":\"ListItem\",\"position\":1,\"name\":\"Home\",\"item\":\"https:\/\/blastserv.ee\/en\/\"},{\"@type\":\"ListItem\",\"position\":2,\"name\":\"Firmast\"}]},{\"@type\":\"WebSite\",\"@id\":\"https:\/\/blastserv.ee\/en\/#website\",\"url\":\"https:\/\/blastserv.ee\/en\/\",\"name\":\"Blastserv.ee\",\"description\":\"korrosioonivastane kaitse\",\"publisher\":{\"@id\":\"https:\/\/blastserv.ee\/en\/#organization\"},\"potentialAction\":[{\"@type\":\"SearchAction\",\"target\":{\"@type\":\"EntryPoint\",\"urlTemplate\":\"https:\/\/blastserv.ee\/en\/?s={search_term_string}\"},\"query-input\":\"required name=search_term_string\"}],\"inLanguage\":\"fi\"},{\"@type\":\"Organization\",\"@id\":\"https:\/\/blastserv.ee\/en\/#organization\",\"name\":\"Blastserv.ee\",\"url\":\"https:\/\/blastserv.ee\/en\/\",\"logo\":{\"@type\":\"ImageObject\",\"inLanguage\":\"fi\",\"@id\":\"https:\/\/blastserv.ee\/en\/#\/schema\/logo\/image\/\",\"url\":\"https:\/\/blastserv.ee\/wp-content\/uploads\/2023\/03\/cropped-logo2.png\",\"contentUrl\":\"https:\/\/blastserv.ee\/wp-content\/uploads\/2023\/03\/cropped-logo2.png\",\"width\":220,\"height\":104,\"caption\":\"Blastserv.ee\"},\"image\":{\"@id\":\"https:\/\/blastserv.ee\/en\/#\/schema\/logo\/image\/\"}}]}<\/script>\n<!-- \/ Yoast SEO plugin. -->","yoast_head_json":{"title":"blastserv.ee - Firmast - Blastserv","description":"Oma tegevuse algusest saadik on Blastserv O\u00dc suutnud pakkuda kvaliteetset metallkonstruktsioonide korrosioonikaitse teenust, t\u00e4nu millele firma sai v\u00f5imaluse osaleda allt\u00f6\u00f6v\u00f5tjana kontserni Balti Laevaremonditehas (Tallinn) ekspordiprojektides.","robots":{"index":"index","follow":"follow","max-snippet":"max-snippet:-1","max-image-preview":"max-image-preview:large","max-video-preview":"max-video-preview:-1"},"canonical":"https:\/\/blastserv.ee\/fi\/firmast\/","og_locale":"fi_FI","og_type":"article","og_title":"blastserv.ee - Firmast - Blastserv","og_description":"Oma tegevuse algusest saadik on Blastserv O\u00dc suutnud pakkuda kvaliteetset metallkonstruktsioonide korrosioonikaitse teenust, t\u00e4nu millele firma sai v\u00f5imaluse osaleda allt\u00f6\u00f6v\u00f5tjana kontserni Balti Laevaremonditehas (Tallinn) ekspordiprojektides.","og_url":"https:\/\/blastserv.ee\/fi\/firmast\/","og_site_name":"Blastserv","article_modified_time":"2023-03-24T12:08:16+00:00","og_image":[{"url":"http:\/\/blastserv.ee\/wp-content\/uploads\/2023\/03\/Picture2-2.jpg"}],"twitter_card":"summary_large_image","twitter_misc":{"Arvioitu lukuaika":"2 minuuttia"},"schema":{"@context":"https:\/\/schema.org","@graph":[{"@type":"WebPage","@id":"https:\/\/blastserv.ee\/firmast\/","url":"https:\/\/blastserv.ee\/firmast\/","name":"blastserv.ee - Firmast - Blastserv","isPartOf":{"@id":"https:\/\/blastserv.ee\/en\/#website"},"datePublished":"2023-03-01T16:54:38+00:00","dateModified":"2023-03-24T12:08:16+00:00","description":"Oma tegevuse algusest saadik on Blastserv O\u00dc suutnud pakkuda kvaliteetset metallkonstruktsioonide korrosioonikaitse teenust, t\u00e4nu millele firma sai v\u00f5imaluse osaleda allt\u00f6\u00f6v\u00f5tjana kontserni Balti Laevaremonditehas (Tallinn) ekspordiprojektides.","breadcrumb":{"@id":"https:\/\/blastserv.ee\/firmast\/#breadcrumb"},"inLanguage":"fi","potentialAction":[{"@type":"ReadAction","target":["https:\/\/blastserv.ee\/firmast\/"]}]},{"@type":"BreadcrumbList","@id":"https:\/\/blastserv.ee\/firmast\/#breadcrumb","itemListElement":[{"@type":"ListItem","position":1,"name":"Home","item":"https:\/\/blastserv.ee\/en\/"},{"@type":"ListItem","position":2,"name":"Firmast"}]},{"@type":"WebSite","@id":"https:\/\/blastserv.ee\/en\/#website","url":"https:\/\/blastserv.ee\/en\/","name":"Blastserv.ee","description":"korrosioonivastane kaitse","publisher":{"@id":"https:\/\/blastserv.ee\/en\/#organization"},"potentialAction":[{"@type":"SearchAction","target":{"@type":"EntryPoint","urlTemplate":"https:\/\/blastserv.ee\/en\/?s={search_term_string}"},"query-input":"required name=search_term_string"}],"inLanguage":"fi"},{"@type":"Organization","@id":"https:\/\/blastserv.ee\/en\/#organization","name":"Blastserv.ee","url":"https:\/\/blastserv.ee\/en\/","logo":{"@type":"ImageObject","inLanguage":"fi","@id":"https:\/\/blastserv.ee\/en\/#\/schema\/logo\/image\/","url":"https:\/\/blastserv.ee\/wp-content\/uploads\/2023\/03\/cropped-logo2.png","contentUrl":"https:\/\/blastserv.ee\/wp-content\/uploads\/2023\/03\/cropped-logo2.png","width":220,"height":104,"caption":"Blastserv.ee"},"image":{"@id":"https:\/\/blastserv.ee\/en\/#\/schema\/logo\/image\/"}}]}},"_links":{"self":[{"href":"https:\/\/blastserv.ee\/fi\/wp-json\/wp\/v2\/pages\/29","targetHints":{"allow":["GET"]}}],"collection":[{"href":"https:\/\/blastserv.ee\/fi\/wp-json\/wp\/v2\/pages"}],"about":[{"href":"https:\/\/blastserv.ee\/fi\/wp-json\/wp\/v2\/types\/page"}],"author":[{"embeddable":true,"href":"https:\/\/blastserv.ee\/fi\/wp-json\/wp\/v2\/users\/3"}],"replies":[{"embeddable":true,"href":"https:\/\/blastserv.ee\/fi\/wp-json\/wp\/v2\/comments?post=29"}],"version-history":[{"count":20,"href":"https:\/\/blastserv.ee\/fi\/wp-json\/wp\/v2\/pages\/29\/revisions"}],"predecessor-version":[{"id":483,"href":"https:\/\/blastserv.ee\/fi\/wp-json\/wp\/v2\/pages\/29\/revisions\/483"}],"wp:attachment":[{"href":"https:\/\/blastserv.ee\/fi\/wp-json\/wp\/v2\/media?parent=29"}],"curies":[{"name":"wp","href":"https:\/\/api.w.org\/{rel}","templated":true}]}}